{"id":819,"date":"2021-07-25T22:07:35","date_gmt":"2021-07-25T10:07:35","guid":{"rendered":"https:\/\/bestir.red\/?page_id=819"},"modified":"2022-07-11T19:55:34","modified_gmt":"2022-07-11T07:55:34","slug":"237-131-independent-study-session-2","status":"publish","type":"page","link":"https:\/\/bestir.red\/?page_id=819","title":{"rendered":"237.131 Independent Study Week #2"},"content":{"rendered":"\n<h2 class=\"wp-block-heading\">Week 2: Mana Whenua<\/h2>\n\n\n\n<h3 class=\"wp-block-heading\">Task 1 (5 minutes)<\/h3>\n\n\n\n<pre class=\"wp-block-preformatted\">REFLECT: Have a look at your responses to the independent study from last week, how did this weeks class discussion deepen or help develop and expand your initial understanding? You could write about this in a sentence or two, or you could go back and add to your original notes.<\/pre>\n\n\n\n<p>Sorry to say that reflecting on last week&#8217;s independent study and on whether the work in class as groups deepened my initial understanding didn&#8217;t really help. Honestly, I don&#8217;t think we got any deeper into the concepts working as a group than I&#8217;d done independently.<\/p>\n\n\n\n<h3 class=\"wp-block-heading\">Task 2 (3 hours &#8211; 2 hours reading, 1 hour writing)<\/h3>\n\n\n\n<pre class=\"wp-block-preformatted\">READ: Mere Roberts (Ng\u0101ti Apakura, Ng\u0101ti Hikairo). et al. \"Whakapapa as a M\u0101ori mental construct: Some implications for the debate over genetic modification of organisms.\".  \n\nWRITE: a short definition of your understanding of whakapapa after reading the article, include a key quote from the reading to support your discussion.<\/pre>\n\n\n\n<p>This was an interesting article to review in detail.<\/p>\n\n\n\n<p>I would now define whakapapa as the description of the lineage that a person or a thing has, and its connection to its source or origin. As a folk taxonomy, wakapapa establishes the person or thing&#8217;s nomenclature, and defines a place in a network of relationships, dependencies, and history. It also provides a narrative framework so that this information can be remembered and passed between people, even down through the generations.<\/p>\n\n\n\n<blockquote class=\"wp-block-quote is-layout-flow wp-block-quote-is-layout-flow\"><p>The use of whakapapa by New Zealand M\u0101ori is most commonly understood in reference to human descent lines and relationships, where it functions as a family tree or genealogy. But it also refers to an epistemological framework in which perceived patterns and relationships in nature are located. These nonhuman whakapapa contain information concerning an organism\u2019s theorized origins from supernatural beings, inferred descent lines, and morphological and ecological relationships. In this context whakapapa appear to function at one level as a \u201cfolk taxonomy,\u201d in which morphology, utility, and cultural considerations all play an important role. Such whakapapa also function as ecosystem maps of culturally important resources. More information and meaning is provided by accompanying narratives, which contain explanations for why things came to be the way they are, as well as moral guidelines for correct conduct.<\/p><cite>Mere Roberts, Brad Haami, Richard Benton, Terre Satterfield, Melissa L Finucane, Mark Henare, and Manuka Henare. \u2018Whakapapa as a M\u0101ori Mental Construct: Some Implications for the Debate over Genetic Modification of Organisms\u2019.&nbsp;<em>The Contemporary Pacific<\/em>, vol. 16, no. 1, Spring 2004, pp. 28.<\/cite><\/blockquote>\n\n\n\n<h3 class=\"wp-block-heading\">Task 3 (30 minutes )<\/h3>\n\n\n\n<pre class=\"wp-block-preformatted\">WRITE, DRAW or SKETCH: Choose ONE of the following:\n\neither a.) Huhana Smith describes the relationship of the stream to the whenua around it.  She also discusses the holistic effect of harakeke on the land, humans and other animals.  Make a visual representation of the ways that harakeke acts as a \"whole of environment healer\" (Smith), this could be as an exploded parts drawing, diagram, flowchart, comic strip etc.\n\nor b.) watch the video The tohor\u0101 and the kauri which considers kauri dieback through a whakapapa based approach. Using Roberts et al. and the information from the video, draw a whakapapa chart that includes the tohor\u0101 and the k\u0101uri.<\/pre>\n\n\n\n<h4 class=\"wp-block-heading\">a.) whakapapa chart<\/h4>\n\n\n\n<figure class=\"wp-block-embed is-type-video is-provider-vimeo wp-block-embed-vimeo wp-embed-aspect-16-9 wp-has-aspect-ratio\"><div class=\"wp-block-embed__wrapper\">\n<iframe loading=\"lazy\" hcb-fetch-image-from=\"https:\/\/vimeo.com\/90155187\" title=\"The story of the whale and the kauri\" src=\"https:\/\/player.vimeo.com\/video\/90155187?dnt=1&amp;app_id=122963\" width=\"580\" height=\"326\" frameborder=\"0\" allow=\"autoplay; fullscreen; picture-in-picture; clipboard-write\"><\/iframe>\n<\/div><\/figure>\n\n\n\n<p>I tried to do this &#8211; I honestly did &#8211; but just couldn&#8217;t get there. It just felt too contrived and no matter how many times I tried to draw the relationships, it just just doesn&#8217;t work. There is no sensible connection I can force between tohor\u0101 &#8211; whales &#8211; and k\u0101uri, a kind of tree.<\/p>\n\n\n\n<p>Interestingly, I did also come across a number of articles that have sought to treat <meta charset=\"utf-8\">k\u0101uri dieback disease using whale-derived items such as whale oil<span class=\"footnote_referrer\"><a role=\"button\" tabindex=\"0\" onclick=\"footnote_moveToReference_819_1('footnote_plugin_reference_819_1_1');\" onkeypress=\"footnote_moveToReference_819_1('footnote_plugin_reference_819_1_1');\" ><sup id=\"footnote_plugin_tooltip_819_1_1\" class=\"footnote_plugin_tooltip_text\">[1]<\/sup><\/a><span id=\"footnote_plugin_tooltip_text_819_1_1\" class=\"footnote_tooltip\"><span class=\"footnote_url_wrap\">https:\/\/www.teaomaori.news\/potential-whakapapa-maori-solution-kauri-dieback-outbreak<\/span><\/span><\/span><script type=\"text\/javascript\"> jQuery('#footnote_plugin_tooltip_819_1_1').tooltip({ tip: '#footnote_plugin_tooltip_text_819_1_1', tipClass: 'footnote_tooltip', effect: 'fade', predelay: 0, fadeInSpeed: 200, delay: 400, fadeOutSpeed: 200, position: 'top center', relative: true, offset: [-7, 0], });<\/script> and whale bone<span class=\"footnote_referrer\"><a role=\"button\" tabindex=\"0\" onclick=\"footnote_moveToReference_819_1('footnote_plugin_reference_819_1_2');\" onkeypress=\"footnote_moveToReference_819_1('footnote_plugin_reference_819_1_2');\" ><sup id=\"footnote_plugin_tooltip_819_1_2\" class=\"footnote_plugin_tooltip_text\">[2]<\/sup><\/a><span id=\"footnote_plugin_tooltip_text_819_1_2\" class=\"footnote_tooltip\"><span class=\"footnote_url_wrap\">https:\/\/www.teaomaori.news\/iwi-research-whalebone-treatment-kauri-dieback<\/span><\/span><\/span><script type=\"text\/javascript\"> jQuery('#footnote_plugin_tooltip_819_1_2').tooltip({ tip: '#footnote_plugin_tooltip_text_819_1_2', tipClass: 'footnote_tooltip', effect: 'fade', predelay: 0, fadeInSpeed: 200, delay: 400, fadeOutSpeed: 200, position: 'top center', relative: true, offset: [-7, 0], });<\/script>. I am yet to find any peer-reviewed, scientifically validated sources that confirm the efficacy of this.<\/p>\n\n\n\n<p>There may well be substances present in these whale-derived items that can have positive effects in the treatment of <meta charset=\"utf-8\">k\u0101uri dieback disease. There are many complex chemicals in these substances that have no doubt not been properly studied. If referencing the shared whakapapa of these two species has opened up investigation into a treatment that works, then that can only be a good thing. One does not need to be a believer in traditional M\u0101ori medicine to be grateful for that. It is important, however, to bring science and traditional <meta charset=\"utf-8\">M\u0101ori approaches together and validate these findings carefully if they are not to be seen as fringe science like homeopathy.<\/p>\n\n\n\n<h4 class=\"wp-block-heading\">b.) a visual representation of the ways that harakeke acts as a &#8220;whole of environment healer&#8221;<\/h4>\n\n\n\n<p>I originally started working on this one, however, there is little evidence I can find to support the assertion that Harakeke is a &#8220;whole of environment healer&#8221;.<\/p>\n\n\n\n<p>Saying that, Harakeke is an amazingly useful plant!<\/p>\n\n\n\n<p>There <em>is<\/em> evidence that harakeke can act as a help in wetland restoration, which is what&#8217;s at the core of the Huhana Smith video. So, let&#8217;s focus on that, see where it leads, then try to illustrate it.<\/p>\n\n\n\n<p>Key point in this task is &#8220;whole of <span style=\"text-decoration: underline;\">environment<\/span>&#8220;. Environment means the surroundings or conditions in which person, animal, or plant lives or operates. So, I&#8217;m going to read that as meaning any environment, not just the wetland landscape in the video. In general then, how can flax help people, plants or animals?<\/p>\n\n\n\n<p>Let&#8217;s look at the manifold uses of harakeke:<\/p>\n\n\n\n<p><a href=\"https:\/\/maoriplantuse.landcareresearch.co.nz\/WebForms\/PeoplePlantsDetails.aspx?firstcome=firstcome&amp;PKey=F7DBD5A8-9779-451F-AD75-72F1866C6E1B\">https:\/\/maoriplantuse.landcareresearch.co.nz\/WebForms\/PeoplePlantsDetails.aspx?firstcome=firstcome&amp;PKey=F7DBD5A8-9779-451F-AD75-72F1866C6E1B<\/a><\/p>\n\n\n\n<p><\/p>\n\n\n\n<h3 class=\"wp-block-heading\">Task 4 (30 minutes)<\/h3>\n\n\n\n<pre class=\"wp-block-preformatted\">WATCH: This exercise asks you to focus on just thinking and watching, rather than writing. Watch Bruce Pascoe (Yuin, Boonwurrung) explain the construction of Australia's 'standard story' used to justify colonisation and imagine Australia as terra nullius. Some questions you might like to think about while watching: How does Bruce Pascoe challenge the 'standard story'? What other accounts do you know from here (Aotearoa\/New Zealand) or other colonised contexts which might be similar? How might these also be challenged?<\/pre>\n\n\n\n<figure class=\"wp-block-embed is-type-video is-provider-youtube wp-block-embed-youtube wp-embed-aspect-16-9 wp-has-aspect-ratio\"><div class=\"wp-block-embed__wrapper\">\n<iframe loading=\"lazy\" hcb-fetch-image-from=\"https:\/\/www.youtube.com\/watch?v=fqgrSSz7Htw\" title=\"A real history of Aboriginal Australians, the first agriculturalists  | Bruce Pascoe | TEDxSydney\" width=\"580\" height=\"326\" src=\"https:\/\/www.youtube.com\/embed\/fqgrSSz7Htw?feature=oembed\" frameborder=\"0\" allow=\"accelerometer; autoplay; clipboard-write; encrypted-media; gyroscope; picture-in-picture; web-share\" referrerpolicy=\"strict-origin-when-cross-origin\" allowfullscreen><\/iframe>\n<\/div><\/figure>\n\n\n\n<p>I watched Bruce Pascoe (Yuin, Boonwurrung) explain the construction of Australia&#8217;s &#8216;standard story&#8217; used to justify colonisation and imagine Australia as terra nullius.<\/p>\n\n\n\n<p>I had heard a little of this before, as I&#8217;d read &#8220;Deep Time Dreaming&#8221; by Billy Griffiths, a book on ancient Australia and the extremely long timescales that humans have occupied the continent. Aboriginal peoples have lived in Australia for 65,000 years. They had a rich and complex society, including practicing agriculture and what we might term &#8220;landscape engineering&#8221;. Much of the archaeological evidence of early occupation is under water due to ancient climate change, but very recent digs are point to a radically different past to what most Australians have been brought up believing, and to a degree are comfortable with.<\/p>\n\n\n\n<p>I recall being particularly moved by parts of the book, so I went back and looked for a particularly memorable quote from it. Turns out it&#8217;s a quote that dates back to 1989. This has obvious parallels to New Zealand, albeit over shorter (but no less transformational) timescales.<\/p>\n\n\n\n<figure class=\"wp-block-pullquote\"><blockquote><p>My expectation of a good Australia is when white people would be proud to speak an Aboriginal language, when they realise that Aboriginal culture and all that goes with it, philosophy, art, language, morality and kinship, is all part of our heritage. And that\u2019s the most unbelievable thing of all, that it\u2019s all there waiting for us all. White people can inherit 40,000 or 60,000 years of culture, and all they have to do is reach out and ask for it.<\/p><cite>Aboriginal activist Charles Perkins, 1989, taken from Griffiths, Billy.&nbsp;<em>Deep Time Dreaming: Uncovering Ancient Australia<\/em>. Black Inc, 2018.<br><\/cite><\/blockquote><\/figure>\n\n\n\n<h3 class=\"wp-block-heading\">Task 5 (2 hours)<\/h3>\n\n\n\n<pre class=\"wp-block-preformatted\">WRITE: Self-directed work on your assignment. Begin drafting your definition of the key term you have decided to focus on, using resources from the course and the Massey library databases.\n\nMake sure you cite your sources as you go, so you don't have to back-track to finds these again when you have finished writing.\n\nFIND: 2 or 3 examples of art or design works that relate to the ideas you are discussing in your definition.<\/pre>\n\n\n\n<p>I choose <span class=\"has-inline-color has-accent-color\"><strong>Doctrine of Discovery<\/strong><\/span>.<\/p>\n\n\n\n<h4 class=\"wp-block-heading\">Initial definition<\/h4>\n\n\n\n<p>A basic definition derived from Wikipedia, as a placeholder until I&#8217;ve read the articles I&#8217;ve found on the subject:<\/p>\n\n\n\n<blockquote class=\"wp-block-quote is-layout-flow wp-block-quote-is-layout-flow\"><p>European Christian governments could lay title to non-European Christian territory on the basis that the colonisers travelled and &#8220;discovered&#8221; said territory. The doctrine has been primarily used to support decisions invalidating or ignoring aboriginal possession of land in favor of modern governments.<\/p><cite>https:\/\/en.wikipedia.org\/wiki\/Discovery_doctrine<\/cite><\/blockquote>\n\n\n\n<h4 class=\"wp-block-heading\">Examples of art or design works<\/h4>\n\n\n\n<p>I found an exhibition that takes this on directly, and some of the work resonated with me:<\/p>\n\n\n\n<figure class=\"wp-block-embed is-type-wp-embed is-provider-tairawhiti-museum wp-block-embed-tairawhiti-museum\"><div class=\"wp-block-embed__wrapper\">\n<blockquote hcb-fetch-image-from=\"https:\/\/tairawhitimuseum.org.nz\/exhibition\/he-tirohanga-ki-tai-dismantling-the-doctrine-of-discovery\/\" class=\"wp-embedded-content\" data-secret=\"vpoAbOYpKY\"><a href=\"https:\/\/tairawhitimuseum.org.nz\/exhibition\/he-tirohanga-ki-tai-dismantling-the-doctrine-of-discovery\/\">He Tirohanga ki Tai: Dismantling the Doctrine of Discovery<\/a><\/blockquote><iframe loading=\"lazy\" class=\"wp-embedded-content\" sandbox=\"allow-scripts\" security=\"restricted\" style=\"position: absolute; clip: rect(1px, 1px, 1px, 1px);\" title=\"&#8220;He Tirohanga ki Tai: Dismantling the Doctrine of Discovery&#8221; &#8212; Tairawhiti Museum\" src=\"https:\/\/tairawhitimuseum.org.nz\/exhibition\/he-tirohanga-ki-tai-dismantling-the-doctrine-of-discovery\/embed\/#?secret=kFKnfVsubo#?secret=vpoAbOYpKY\" data-secret=\"vpoAbOYpKY\" width=\"580\" height=\"327\" frameborder=\"0\" marginwidth=\"0\" marginheight=\"0\" scrolling=\"no\"><\/iframe>\n<\/div><figcaption>https:\/\/tairawhitimuseum.org.nz\/exhibition\/he-tirohanga-ki-tai-dismantling-the-doctrine-of-discovery\/<\/figcaption><\/figure>\n\n\n\n<p><a href=\"https:\/\/dismantlingthedoctrineofdiscovery.wordpress.com\/\">dismantlingthedoctrineofdiscovery wordpress blog<\/a><\/p>\n\n\n\n<h4 class=\"wp-block-heading\"><em>Resolution<\/em>, by Tane M\u0101<\/h4>\n\n\n\n<figure class=\"wp-block-image size-large\"><img decoding=\"async\" src=\"https:\/\/tairawhitimuseum.org.nz\/wp-content\/uploads\/2018\/11\/Captainjamescookportrait-mosaic11.png\" alt=\"\"\/><figcaption><em>Resolution<\/em>, digital still from moving image, 2018 by Tane M\u0101<\/figcaption><\/figure>\n\n\n\n<blockquote class=\"wp-block-quote is-layout-flow wp-block-quote-is-layout-flow\"><p>Artist Tane Ma\u2019s interactive digital piece, Resolution, is based on Nathaniel Dance\u2019s 1776 portrait of Cook. As the viewer approaches it the portrait increasingly pixellates into a pattern suggestive of a tukutuku panel design.<\/p><p>The title is a play on the name of the ship Cook captained on his second and third voyages of exploration in the Pacific. It also refers to the struggle towards reconciliation as previously unheard stories are incorporated into recorded history. This is why the homonyms \u201crewriting\u201d and \u201cre-righting\u201d interest the artist.<\/p><p>\u201cRevisionism is a default position of hurt,\u201d says Friend.<\/p><p>\u201cWhat does resolution look like. What does the future look like in the post-resolution era?\u201d<\/p><cite>Peters, Mark.&nbsp;<em>A View from the Shore<\/em>. https:\/\/www.gisborneherald.co.nz\/entertainment\/20181205\/a-view-from-the-shore\/. Accessed 28 July 2021.<\/cite><\/blockquote>\n\n\n\n<h4 class=\"wp-block-heading\"><em>6th Sense<\/em>, by Steve Gibbs<\/h4>\n\n\n\n<figure class=\"wp-block-image size-large\"><img decoding=\"async\" src=\"https:\/\/artgallery-collection.rfacdn.nz\/records\/images\/large\/19245\/d0834d8b81278f67f780a240895305a7d8efe34d.jpg\" alt=\"\"\/><figcaption>Steve Gibbs, 6th Sense, https:\/\/www.aucklandartgallery.com\/explore-art-and-ideas\/artwork\/31361\/6th-sense<\/figcaption><\/figure>\n\n\n\n<blockquote class=\"wp-block-quote is-layout-flow wp-block-quote-is-layout-flow\"><p>Steve Gibbs\u2019 paintings here recall the arrival of Captain James Cook in Turanganui-a-Kiwa on 7 October 1769. When Cook made land he named it Poverty Bay as he was unable to gain vital supplies needed while there. For Steve Gibbs and his iwi (tribe), they recall P\u0101oa who co-captained the Horouta waka (canoe), which made landfall at T\u016branganui-a-Kiwa as the origin of their arrival in the region.<\/p><p>6th Sense, 2017 considers both histories from the perspective of P\u0101oa\u2019s pet dog, Marewaiteao. The headland Te Kuri a P\u0101oa (the dog of P\u0101oa) become known as Young Nicks Head. The depiction of P\u0101oa\u2019s white dog in this painting is a metaphor for the people who occupied the region to the south of Turanganui a Kiwa down to Mahia. The title, 6th Sense, suggests the inevitability of the changes that British colonisation would bring to the region and to the country.<\/p><cite>\u20186th Sense\u2019.&nbsp;<em>Auckland Art Gallery<\/em>, https:\/\/www.aucklandartgallery.com\/explore-art-and-ideas\/artwork\/31361\/6th-sense. Accessed 28 July 2021.<\/cite><\/blockquote>\n\n\n\n<p>Some other useful links:<\/p>\n\n\n\n<p><a href=\"https:\/\/tinangata.com\/2019\/06\/01\/james-cook-and-the-doctrine-of-discovery-5-things-to-know\/\">James Cook and the Doctrine of Discovery \u2013 5 Things to Know<\/a><\/p>\n\n\n\n<h4 class=\"wp-block-heading\">My Definition<\/h4>\n\n\n\n<p>The Discovery Doctrine allowed European government to take ownership of lands that they encountered for the first time, in spite of them being already occupied by indigenous peoples.<\/p>\n<div class=\"speaker-mute footnotes_reference_container\"> <div class=\"footnote_container_prepare\"><p><span role=\"button\" tabindex=\"0\" class=\"footnote_reference_container_label pointer\" onclick=\"footnote_expand_collapse_reference_container_819_1();\">References<\/span><span role=\"button\" tabindex=\"0\" class=\"footnote_reference_container_collapse_button\" style=\"display: none;\" onclick=\"footnote_expand_collapse_reference_container_819_1();\">[<a id=\"footnote_reference_container_collapse_button_819_1\">+<\/a>]<\/span><\/p><\/div> <div id=\"footnote_references_container_819_1\" style=\"\"><table class=\"footnotes_table footnote-reference-container\"><caption class=\"accessibility\">References<\/caption> <tbody> \r\n\r\n<tr class=\"footnotes_plugin_reference_row\"> <th scope=\"row\" class=\"footnote_plugin_index_combi pointer\"  onclick=\"footnote_moveToAnchor_819_1('footnote_plugin_tooltip_819_1_1');\"><a id=\"footnote_plugin_reference_819_1_1\" class=\"footnote_backlink\"><span class=\"footnote_index_arrow\">&#8593;<\/span>1<\/a><\/th> <td class=\"footnote_plugin_text\"><span class=\"footnote_url_wrap\">https:\/\/www.teaomaori.news\/potential-whakapapa-maori-solution-kauri-dieback-outbreak<\/span><\/td><\/tr>\r\n\r\n<tr class=\"footnotes_plugin_reference_row\"> <th scope=\"row\" class=\"footnote_plugin_index_combi pointer\"  onclick=\"footnote_moveToAnchor_819_1('footnote_plugin_tooltip_819_1_2');\"><a id=\"footnote_plugin_reference_819_1_2\" class=\"footnote_backlink\"><span class=\"footnote_index_arrow\">&#8593;<\/span>2<\/a><\/th> <td class=\"footnote_plugin_text\"><span class=\"footnote_url_wrap\">https:\/\/www.teaomaori.news\/iwi-research-whalebone-treatment-kauri-dieback<\/span><\/td><\/tr>\r\n\r\n <\/tbody> <\/table> <\/div><\/div><script type=\"text\/javascript\"> function footnote_expand_reference_container_819_1() { jQuery('#footnote_references_container_819_1').show(); jQuery('#footnote_reference_container_collapse_button_819_1').text('\u2212'); } function footnote_collapse_reference_container_819_1() { jQuery('#footnote_references_container_819_1').hide(); jQuery('#footnote_reference_container_collapse_button_819_1').text('+'); } function footnote_expand_collapse_reference_container_819_1() { if (jQuery('#footnote_references_container_819_1').is(':hidden')) { footnote_expand_reference_container_819_1(); } else { footnote_collapse_reference_container_819_1(); } } function footnote_moveToReference_819_1(p_str_TargetID) { footnote_expand_reference_container_819_1(); var l_obj_Target = jQuery('#' + p_str_TargetID); if (l_obj_Target.length) { jQuery( 'html, body' ).delay( 0 ); jQuery('html, body').animate({ scrollTop: l_obj_Target.offset().top - window.innerHeight * 0.2 }, 380); } } function footnote_moveToAnchor_819_1(p_str_TargetID) { footnote_expand_reference_container_819_1(); var l_obj_Target = jQuery('#' + p_str_TargetID); if (l_obj_Target.length) { jQuery( 'html, body' ).delay( 0 ); jQuery('html, body').animate({ scrollTop: l_obj_Target.offset().top - window.innerHeight * 0.2 }, 380); } }<\/script>","protected":false},"excerpt":{"rendered":"<p>Week 2: Mana Whenua Task 1 (5 minutes) REFLECT: Have a look at your responses to the independent study from last week, how did this weeks class discussion deepen or help develop and expand your initial understanding? You could write about this in a sentence or two, or you could go back and add to [&hellip;]<\/p>\n","protected":false},"author":1,"featured_media":0,"parent":757,"menu_order":22,"comment_status":"closed","ping_status":"closed","template":"templates\/template-full-width.php","meta":{"footnotes":""},"class_list":["post-819","page","type-page","status-publish","hentry"],"_links":{"self":[{"href":"https:\/\/bestir.red\/index.php?rest_route=\/wp\/v2\/pages\/819","targetHints":{"allow":["GET"]}}],"collection":[{"href":"https:\/\/bestir.red\/index.php?rest_route=\/wp\/v2\/pages"}],"about":[{"href":"https:\/\/bestir.red\/index.php?rest_route=\/wp\/v2\/types\/page"}],"author":[{"embeddable":true,"href":"https:\/\/bestir.red\/index.php?rest_route=\/wp\/v2\/users\/1"}],"replies":[{"embeddable":true,"href":"https:\/\/bestir.red\/index.php?rest_route=%2Fwp%2Fv2%2Fcomments&post=819"}],"version-history":[{"count":25,"href":"https:\/\/bestir.red\/index.php?rest_route=\/wp\/v2\/pages\/819\/revisions"}],"predecessor-version":[{"id":896,"href":"https:\/\/bestir.red\/index.php?rest_route=\/wp\/v2\/pages\/819\/revisions\/896"}],"up":[{"embeddable":true,"href":"https:\/\/bestir.red\/index.php?rest_route=\/wp\/v2\/pages\/757"}],"wp:attachment":[{"href":"https:\/\/bestir.red\/index.php?rest_route=%2Fwp%2Fv2%2Fmedia&parent=819"}],"curies":[{"name":"wp","href":"https:\/\/api.w.org\/{rel}","templated":true}]}}