{"id":317,"date":"2021-03-05T10:57:52","date_gmt":"2021-03-04T22:57:52","guid":{"rendered":"https:\/\/bestir.red\/?page_id=317"},"modified":"2022-07-11T19:59:55","modified_gmt":"2022-07-11T07:59:55","slug":"237-130-session-2","status":"publish","type":"page","link":"https:\/\/bestir.red\/?page_id=317","title":{"rendered":"237.130 Independent Study Week #2"},"content":{"rendered":"\n<h2 class=\"wp-block-heading\">Session 2: Curious Instances<\/h2>\n\n\n\n<h3 class=\"wp-block-heading\">Task 1: The Making Of: &#8216;Explore&#8217; &#8211; Work in Progress.<\/h3>\n\n\n\n<p>(captured <a href=\"https:\/\/bestir.red\/?page_id=284\" data-type=\"URL\" data-id=\"https:\/\/bestir.red\/?page_id=284\">on the &#8216;Explore&#8221; page of the site<\/a>)<\/p>\n\n\n\n<h3 class=\"wp-block-heading\">Task 2: Tikanga M\u0101ori.<\/h3>\n\n\n\n<p>Approximately 150-200 words&#8221;<\/p>\n\n\n\n<ul class=\"wp-block-list\"><li>What does Hirini Moko Mead say to make us aware of the importance and reach of tikanga?<\/li><\/ul>\n\n\n\n<h4 class=\"wp-block-heading\">Defining Tikanga M\u0101ori<\/h4>\n\n\n\n<p>Tikanga is a M\u0101ori concept incorporating practices and values from m\u0101tauranga M\u0101ori, M\u0101ori knowledge.[1] Tikanga is translated into the English language with a wide range of meanings \u2014 culture, custom, ethic, etiquette, fashion, formality, lore, manner, meaning, mechanism, method, protocol, style, customary law.<span class=\"footnote_referrer\"><a role=\"button\" tabindex=\"0\" onclick=\"footnote_moveToReference_317_1('footnote_plugin_reference_317_1_1');\" onkeypress=\"footnote_moveToReference_317_1('footnote_plugin_reference_317_1_1');\" ><sup id=\"footnote_plugin_tooltip_317_1_1\" class=\"footnote_plugin_tooltip_text\">[1]<\/sup><\/a><span id=\"footnote_plugin_tooltip_text_317_1_1\" class=\"footnote_tooltip\"><span class=\"footnote_url_wrap\">https:\/\/en.wikipedia.org\/wiki\/Tikanga_M%C4%81ori<\/span><\/span><\/span><script type=\"text\/javascript\"> jQuery('#footnote_plugin_tooltip_317_1_1').tooltip({ tip: '#footnote_plugin_tooltip_text_317_1_1', tipClass: 'footnote_tooltip', effect: 'fade', predelay: 0, fadeInSpeed: 200, delay: 400, fadeOutSpeed: 200, position: 'top center', relative: true, offset: [-7, 0], });<\/script><\/p>\n\n\n\n<p>Words and expressions like this are probably common in every language, i.e. words that have no direct translation. I can probably translate this into Japanese, as \u4f1d\u7d71\u7684 &#8220;dentou teki&#8221;, which can be translated as &#8220;traditional&#8221;, but also comes with a &#8220;has cultural significance&#8221; meaning.<\/p>\n\n\n\n<p>I could easily see Tikanga M\u0101ori written as \u30de\u30aa\u30ea\u9053 (M\u0101ori-dou) or &#8220;the way of M\u0101ori&#8221;. The \u9053 is the Chinese character for &#8220;Tao&#8221;, meaning the &#8220;way&#8221;, &#8220;path&#8221;, &#8220;route&#8221;, &#8220;road&#8221; or sometimes more loosely &#8220;doctrine&#8221;, &#8220;principle&#8221; or &#8220;holistic beliefs&#8221;.<\/p>\n\n\n\n<p>So, I would say that Hirini Moko Mead&#8217;s key point on this is:<\/p>\n\n\n\n<figure class=\"wp-block-pullquote\"><blockquote><p>A culture that sets aside its pool of tikanga is depriving itself of a valuable segment of knowledge and is limiting its cultural options.<\/p><cite>Tikanga M\u0101ori, Hirini Moko Mead<\/cite><\/blockquote><\/figure>\n\n\n\n<ul class=\"wp-block-list\"><li>How might tikanga apply in your and\/or other people\u2019s lives you know? How might tikanga and ideas of \u2018tika, correctness\u2019 be valuable for the Consequences of Making, and assist in resolving issues?<\/li><\/ul>\n\n\n\n<p>I&#8217;m thinking of Tikanga M\u0101ori in a similar way to a &#8220;Frame of Reference&#8221; in Physics. That can be defined as, &#8220;an abstract coordinate system and the set of physical reference points that uniquely fix (locate and orient) the coordinate system and standardize measurements within that frame.&#8221;<\/p>\n\n\n\n<p>That feels quite appropriate. I think &#8220;orient&#8221; is the key word here. An understanding and appreciation of Tikanga M\u0101ori is a way of knowing where you are with respect to M\u0101ori culture; sensing what your are options for appropriate interaction and movement (not just in a physical sense, but also in a cultural sense); developing a feeling for the constraints or boundaries in which you are operating; and so on.<\/p>\n\n\n\n<h3 class=\"wp-block-heading\">Task 3: Ways of thinking about creative relationships (allow 2 hours)<\/h3>\n\n\n\n<figure class=\"wp-block-embed is-type-video is-provider-youtube wp-block-embed-youtube wp-embed-aspect-16-9 wp-has-aspect-ratio\"><div class=\"wp-block-embed__wrapper\">\n<iframe loading=\"lazy\" hcb-fetch-image-from=\"https:\/\/www.youtube.com\/watch?v=munVsXsqqSc\" title=\"The Big Life Fix with Simon Reeve Season 1 Episode 1\" width=\"580\" height=\"326\" src=\"https:\/\/www.youtube.com\/embed\/munVsXsqqSc?feature=oembed\" frameborder=\"0\" allow=\"accelerometer; autoplay; clipboard-write; encrypted-media; gyroscope; picture-in-picture; web-share\" referrerpolicy=\"strict-origin-when-cross-origin\" allowfullscreen><\/iframe>\n<\/div><\/figure>\n\n\n\n<p>Watching this, the designers were almost entirely driven by the specific, and in some cases unique, needs of their &#8220;clients&#8221;.<\/p>\n\n\n\n<p>There appear to be two goals in mind here. One was to help the individuals in overcoming some of the key constraints under which they are operating, for example Alzheimer&#8217;s Disease. To that extent, these projects appear quite successful.<\/p>\n\n\n\n<p>As a further benefit, it appeared that in a couple of cases the designers were considering wider use of their creations, perhaps by other people with similar needs. In some cases this aim appeared to have been achieved, albeit perhaps less successfully than for the individuals.<\/p>\n\n\n\n<p>This can be thought of as natural stages in a design and product lifecycle. Solving individual needs proved the concepts, and continuing on to look at wider applicability can be seen as a pilot phase.<\/p>\n\n\n\n<p>The designers were, to varying extents, wrestling with ongoing adjustments to their designs prompted by feedback from their clients. The vision of the designers had to be &#8220;compromised&#8221;, although that feels like too harsh a word given that the designers would not have been involved at all without the needs of their clients.<\/p>\n\n\n\n<p>It&#8217;s interesting to contrast this with some of the terms used when describing noteworthy artists and designers: uncompromising, visionary, singularly focused, unique, controversial, etc.<\/p>\n\n\n\n<p>Perhaps a key difference between Art and Design is that Art is based on a highly internal set of drives and desires, whereas Design is more motivated by the need to fulfil an external set of requirements or needs. Then again:<\/p>\n\n\n\n<figure class=\"wp-block-pullquote\"><blockquote><p>Real artists ship<\/p><cite>Steve Jobs, speech to Apple staff (no specific reference), 1983<\/cite><\/blockquote><\/figure>\n<div class=\"speaker-mute footnotes_reference_container\"> <div class=\"footnote_container_prepare\"><p><span role=\"button\" tabindex=\"0\" class=\"footnote_reference_container_label pointer\" onclick=\"footnote_expand_collapse_reference_container_317_1();\">References<\/span><span role=\"button\" tabindex=\"0\" class=\"footnote_reference_container_collapse_button\" style=\"display: none;\" onclick=\"footnote_expand_collapse_reference_container_317_1();\">[<a id=\"footnote_reference_container_collapse_button_317_1\">+<\/a>]<\/span><\/p><\/div> <div id=\"footnote_references_container_317_1\" style=\"\"><table class=\"footnotes_table footnote-reference-container\"><caption class=\"accessibility\">References<\/caption> <tbody> \r\n\r\n<tr class=\"footnotes_plugin_reference_row\"> <th scope=\"row\" class=\"footnote_plugin_index_combi pointer\"  onclick=\"footnote_moveToAnchor_317_1('footnote_plugin_tooltip_317_1_1');\"><a id=\"footnote_plugin_reference_317_1_1\" class=\"footnote_backlink\"><span class=\"footnote_index_arrow\">&#8593;<\/span>1<\/a><\/th> <td class=\"footnote_plugin_text\"><span class=\"footnote_url_wrap\">https:\/\/en.wikipedia.org\/wiki\/Tikanga_M%C4%81ori<\/span><\/td><\/tr>\r\n\r\n <\/tbody> <\/table> <\/div><\/div><script type=\"text\/javascript\"> function footnote_expand_reference_container_317_1() { jQuery('#footnote_references_container_317_1').show(); jQuery('#footnote_reference_container_collapse_button_317_1').text('\u2212'); } function footnote_collapse_reference_container_317_1() { jQuery('#footnote_references_container_317_1').hide(); jQuery('#footnote_reference_container_collapse_button_317_1').text('+'); } function footnote_expand_collapse_reference_container_317_1() { if (jQuery('#footnote_references_container_317_1').is(':hidden')) { footnote_expand_reference_container_317_1(); } else { footnote_collapse_reference_container_317_1(); } } function footnote_moveToReference_317_1(p_str_TargetID) { footnote_expand_reference_container_317_1(); var l_obj_Target = jQuery('#' + p_str_TargetID); if (l_obj_Target.length) { jQuery( 'html, body' ).delay( 0 ); jQuery('html, body').animate({ scrollTop: l_obj_Target.offset().top - window.innerHeight * 0.2 }, 380); } } function footnote_moveToAnchor_317_1(p_str_TargetID) { footnote_expand_reference_container_317_1(); var l_obj_Target = jQuery('#' + p_str_TargetID); if (l_obj_Target.length) { jQuery( 'html, body' ).delay( 0 ); jQuery('html, body').animate({ scrollTop: l_obj_Target.offset().top - window.innerHeight * 0.2 }, 380); } }<\/script>","protected":false},"excerpt":{"rendered":"<p>Session 2: Curious Instances Task 1: The Making Of: &#8216;Explore&#8217; &#8211; Work in Progress. (captured on the &#8216;Explore&#8221; page of the site) Task 2: Tikanga M\u0101ori. Approximately 150-200 words&#8221; What does Hirini Moko Mead say to make us aware of the importance and reach of tikanga? Defining Tikanga M\u0101ori Tikanga is a M\u0101ori concept incorporating [&hellip;]<\/p>\n","protected":false},"author":1,"featured_media":0,"parent":106,"menu_order":22,"comment_status":"closed","ping_status":"closed","template":"templates\/template-full-width.php","meta":{"footnotes":""},"class_list":["post-317","page","type-page","status-publish","hentry"],"_links":{"self":[{"href":"https:\/\/bestir.red\/index.php?rest_route=\/wp\/v2\/pages\/317","targetHints":{"allow":["GET"]}}],"collection":[{"href":"https:\/\/bestir.red\/index.php?rest_route=\/wp\/v2\/pages"}],"about":[{"href":"https:\/\/bestir.red\/index.php?rest_route=\/wp\/v2\/types\/page"}],"author":[{"embeddable":true,"href":"https:\/\/bestir.red\/index.php?rest_route=\/wp\/v2\/users\/1"}],"replies":[{"embeddable":true,"href":"https:\/\/bestir.red\/index.php?rest_route=%2Fwp%2Fv2%2Fcomments&post=317"}],"version-history":[{"count":7,"href":"https:\/\/bestir.red\/index.php?rest_route=\/wp\/v2\/pages\/317\/revisions"}],"predecessor-version":[{"id":1907,"href":"https:\/\/bestir.red\/index.php?rest_route=\/wp\/v2\/pages\/317\/revisions\/1907"}],"up":[{"embeddable":true,"href":"https:\/\/bestir.red\/index.php?rest_route=\/wp\/v2\/pages\/106"}],"wp:attachment":[{"href":"https:\/\/bestir.red\/index.php?rest_route=%2Fwp%2Fv2%2Fmedia&parent=317"}],"curies":[{"name":"wp","href":"https:\/\/api.w.org\/{rel}","templated":true}]}}