{"id":1081,"date":"2021-09-16T20:47:28","date_gmt":"2021-09-16T08:47:28","guid":{"rendered":"https:\/\/bestir.red\/?page_id=1081"},"modified":"2022-07-11T20:07:02","modified_gmt":"2022-07-11T08:07:02","slug":"213-157-session-8-1","status":"publish","type":"page","link":"https:\/\/bestir.red\/?page_id=1081","title":{"rendered":"213.157 Independent Study Week #8.1"},"content":{"rendered":"\n<h2 class=\"wp-block-heading\">Wiki tua waru, Akomanga tua tahi<\/h2>\n\n\n\n<h3 class=\"wp-block-heading\">Task 1<\/h3>\n\n\n\n<pre class=\"wp-block-preformatted\">IND1: Research Hakari and in your own words describe what you find. Also, provide your own reflection on the potential or role of Kai in a celebratory context.Consider this from a M\u0101ori, P\u0101keh\u0101 or other cultural or personal perspective. 200 WORDS.<\/pre>\n\n\n\n<h4 class=\"wp-block-heading\">Textbook Definitions<\/h4>\n\n\n\n<p>Just to have something to riff off, I lifted this from the tutorial PDF.<\/p>\n\n\n\n<blockquote class=\"wp-block-quote is-layout-flow wp-block-quote-is-layout-flow\"><p>whakakapi, closing, completion, the sharing of food to whakanoa (lift restrictions \/ tapu) and demonstrates manaakitanga (host responsibility \/ support)<\/p><p>H\u0101kari is a process for balancing, settling and replenishing oneself and one\u2019s community or whenua.<\/p><p>It takes the form of a feast, which moves the powhiri proceedings from the formal to the informal, and through that movement cements future relationships.<\/p><p>It is an opportunity for reciprocity and friendly rivalry to enhance the mana of the hosts and guests.<\/p><\/blockquote>\n\n\n\n<h4 class=\"wp-block-heading\">My interpretation<\/h4>\n\n\n\n<p>H\u0101kari are usually thought of as &#8220;feasts&#8221;, and these feasts are imbued with significant meanings of rebalancing and reconciliation. The word can also apply to the wooden structure that food for such a feast was traditionally displayed upon. These feasts were held as a way to offer hospitality to others, and also to show mana. Sometimes the feast hosts competed with their guests to outdo each other. Although originally held to mark events, and as rituals, by the 19th century they increased in size enormously with food being displayed in huge piles. Although h\u0101kari have persisted to the present day, these are now typically held at the end of a hui (not longer being the sole reason to gather), and the menu have often become more healthy.<\/p>\n","protected":false},"excerpt":{"rendered":"<p>Wiki tua waru, Akomanga tua tahi Task 1 IND1: Research Hakari and in your own words describe what you find. Also, provide your own reflection on the potential or role of Kai in a celebratory context.Consider this from a M\u0101ori, P\u0101keh\u0101 or other cultural or personal perspective. 200 WORDS. Textbook Definitions Just to have something [&hellip;]<\/p>\n","protected":false},"author":1,"featured_media":0,"parent":759,"menu_order":21,"comment_status":"closed","ping_status":"closed","template":"templates\/template-full-width.php","meta":{"footnotes":""},"class_list":["post-1081","page","type-page","status-publish","hentry"],"_links":{"self":[{"href":"https:\/\/bestir.red\/index.php?rest_route=\/wp\/v2\/pages\/1081","targetHints":{"allow":["GET"]}}],"collection":[{"href":"https:\/\/bestir.red\/index.php?rest_route=\/wp\/v2\/pages"}],"about":[{"href":"https:\/\/bestir.red\/index.php?rest_route=\/wp\/v2\/types\/page"}],"author":[{"embeddable":true,"href":"https:\/\/bestir.red\/index.php?rest_route=\/wp\/v2\/users\/1"}],"replies":[{"embeddable":true,"href":"https:\/\/bestir.red\/index.php?rest_route=%2Fwp%2Fv2%2Fcomments&post=1081"}],"version-history":[{"count":8,"href":"https:\/\/bestir.red\/index.php?rest_route=\/wp\/v2\/pages\/1081\/revisions"}],"predecessor-version":[{"id":1916,"href":"https:\/\/bestir.red\/index.php?rest_route=\/wp\/v2\/pages\/1081\/revisions\/1916"}],"up":[{"embeddable":true,"href":"https:\/\/bestir.red\/index.php?rest_route=\/wp\/v2\/pages\/759"}],"wp:attachment":[{"href":"https:\/\/bestir.red\/index.php?rest_route=%2Fwp%2Fv2%2Fmedia&parent=1081"}],"curies":[{"name":"wp","href":"https:\/\/api.w.org\/{rel}","templated":true}]}}